{"id":694,"date":"2025-03-05T11:13:32","date_gmt":"2025-03-05T10:13:32","guid":{"rendered":"https:\/\/birslak.hu\/?page_id=694"},"modified":"2025-03-05T11:24:28","modified_gmt":"2025-03-05T10:24:28","slug":"gyik","status":"publish","type":"page","link":"https:\/\/birslak.hu\/en\/gyik\/","title":{"rendered":"FAQ"},"content":{"rendered":"<h2 class=\"wp-block-heading\">Gyakran Ism\u00e9telt K\u00e9rd\u00e9sek<\/h2>\n\n\n<style>#sp-ea-688 .spcollapsing { height: 0; overflow: hidden; transition-property: height;transition-duration: 300ms;}#sp-ea-688.sp-easy-accordion>.sp-ea-single {margin-bottom: 10px; border: 1px solid #e2e2e2; }#sp-ea-688.sp-easy-accordion>.sp-ea-single>.ea-header a {color: #444;}#sp-ea-688.sp-easy-accordion>.sp-ea-single>.sp-collapse>.ea-body {background: #fff; color: #444;}#sp-ea-688.sp-easy-accordion>.sp-ea-single {background: #eee;}#sp-ea-688.sp-easy-accordion>.sp-ea-single>.ea-header a .ea-expand-icon { float: left; color: #444;font-size: 16px;}<\/style><div id=\"sp_easy_accordion-1741166983\"><div id=\"sp-ea-688\" class=\"sp-ea-one sp-easy-accordion\" data-ea-active=\"ea-click\" data-ea-mode=\"vertical\" data-preloader=\"\" data-scroll-active-item=\"\" data-offset-to-scroll=\"0\"><div class=\"ea-card ea-expand sp-ea-single\"><h3 class=\"ea-header\"><a class=\"collapsed\" id=\"ea-header-6880\" role=\"button\" data-sptoggle=\"spcollapse\" data-sptarget=\"#collapse6880\" aria-controls=\"collapse6880\" href=\"#\" aria-expanded=\"true\" tabindex=\"0\"><i aria-hidden=\"true\" role=\"presentation\" class=\"ea-expand-icon eap-icon-ea-expand-minus\"><\/i> Hogyan tudok foglalni?<\/a><\/h3><div class=\"sp-collapse spcollapse collapsed show\" id=\"collapse6880\" data-parent=\"#sp-ea-688\" role=\"region\" aria-labelledby=\"ea-header-6880\"> <div class=\"ea-body\"><p>Foglalni egyszer\u0171en megteheti weboldalunkon kereszt\u00fcl a <a href=\"https:\/\/birslak.hu\/en\/foglalas\/\">Booking<\/a> gombra kattintva, vagy k\u00f6zvetlen\u00fcl e-mailben vagy telefonon.<\/p><p>info@birslak.hu<\/p><p>+36202294280<\/p><\/div><\/div><\/div><div class=\"ea-card sp-ea-single\"><h3 class=\"ea-header\"><a class=\"collapsed\" id=\"ea-header-6881\" role=\"button\" data-sptoggle=\"spcollapse\" data-sptarget=\"#collapse6881\" aria-controls=\"collapse6881\" href=\"#\" aria-expanded=\"false\" tabindex=\"0\"><i aria-hidden=\"true\" role=\"presentation\" class=\"ea-expand-icon eap-icon-ea-expand-plus\"><\/i> Milyen hossz\u00fa id\u0151re foglalhatok?<\/a><\/h3><div class=\"sp-collapse spcollapse\" id=\"collapse6881\" data-parent=\"#sp-ea-688\" role=\"region\" aria-labelledby=\"ea-header-6881\"> <div class=\"ea-body\"><p>A minim\u00e1lis foglal\u00e1si id\u0151 1<strong data-start=\"577\" data-end=\"590\">\u00a0\u00e9jszaka<\/strong>, de hosszabb id\u0151szakra is sz\u00edvesen fogadjuk vend\u00e9geinket.<\/p><\/div><\/div><\/div><div class=\"ea-card sp-ea-single\"><h3 class=\"ea-header\"><a class=\"collapsed\" id=\"ea-header-6882\" role=\"button\" data-sptoggle=\"spcollapse\" data-sptarget=\"#collapse6882\" aria-controls=\"collapse6882\" href=\"#\" aria-expanded=\"false\" tabindex=\"0\"><i aria-hidden=\"true\" role=\"presentation\" class=\"ea-expand-icon eap-icon-ea-expand-plus\"><\/i> Mikor lehet bejelentkezni \u00e9s kijelentkezni?<\/a><\/h3><div class=\"sp-collapse spcollapse\" id=\"collapse6882\" data-parent=\"#sp-ea-688\" role=\"region\" aria-labelledby=\"ea-header-6882\"> <div class=\"ea-body\"><p data-start=\"652\" data-end=\"793\"><strong data-start=\"707\" data-end=\"725\">Bejelentkez\u00e9s:<\/strong> 14:00 \u2013 20:00 k\u00f6z\u00f6tt<br data-start=\"746\" data-end=\"749\" \/><strong data-start=\"751\" data-end=\"769\">Kijelentkez\u00e9s:<\/strong> legk\u00e9s\u0151bb 10:00 \u00f3r\u00e1ig<\/p><p data-start=\"795\" data-end=\"884\">Ha m\u00e1s id\u0151pontban \u00e9rkezne vagy t\u00e1vozna, el\u0151zetes egyeztet\u00e9s alapj\u00e1n rugalmasak vagyunk!<\/p><\/div><\/div><\/div><div class=\"ea-card sp-ea-single\"><h3 class=\"ea-header\"><a class=\"collapsed\" id=\"ea-header-6883\" role=\"button\" data-sptoggle=\"spcollapse\" data-sptarget=\"#collapse6883\" aria-controls=\"collapse6883\" href=\"#\" aria-expanded=\"false\" tabindex=\"0\"><i aria-hidden=\"true\" role=\"presentation\" class=\"ea-expand-icon eap-icon-ea-expand-plus\"><\/i> Van el\u0151legfizet\u00e9s vagy lemond\u00e1si d\u00edj?<\/a><\/h3><div class=\"sp-collapse spcollapse\" id=\"collapse6883\" data-parent=\"#sp-ea-688\" role=\"region\" aria-labelledby=\"ea-header-6883\"> <div class=\"ea-body\"><p data-start=\"886\" data-end=\"1058\">Foglal\u00e1skor <strong data-start=\"945\" data-end=\"974\">el\u0151leg fizet\u00e9se sz\u00fcks\u00e9ges<\/strong>, amely a teljes \u00f6sszeg <strong>40%-a<\/strong>. Lemond\u00e1s eset\u00e9n az al\u00e1bbi szab\u00e1lyok \u00e9rv\u00e9nyesek:<\/p><ul data-start=\"1059\" data-end=\"1197\"><li data-start=\"1059\" data-end=\"1111\"><strong data-start=\"1061\" data-end=\"1088\">14 nappal \u00e9rkez\u00e9s el\u0151tt<\/strong>: az el\u0151leg visszaj\u00e1r<\/li><li data-start=\"1112\" data-end=\"1197\"><strong data-start=\"1114\" data-end=\"1149\">14 napon bel\u00fcli lemond\u00e1s eset\u00e9n<\/strong>: az el\u0151leget nem \u00e1ll m\u00f3dunkban visszat\u00e9r\u00edteni, \u00e1tfoglal\u00e1sra van lehet\u0151s\u00e9g.<\/li><\/ul><\/div><\/div><\/div><div class=\"ea-card sp-ea-single\"><h3 class=\"ea-header\"><a class=\"collapsed\" id=\"ea-header-6884\" role=\"button\" data-sptoggle=\"spcollapse\" data-sptarget=\"#collapse6884\" aria-controls=\"collapse6884\" href=\"#\" aria-expanded=\"false\" tabindex=\"0\"><i aria-hidden=\"true\" role=\"presentation\" class=\"ea-expand-icon eap-icon-ea-expand-plus\"><\/i> Hoztam a kuty\u00e1mat, milyen szab\u00e1lyokat kell betartanom?<\/a><\/h3><div class=\"sp-collapse spcollapse\" id=\"collapse6884\" data-parent=\"#sp-ea-688\" role=\"region\" aria-labelledby=\"ea-header-6884\"> <div class=\"ea-body\"><p data-start=\"1237\" data-end=\"1381\">Szeretettel v\u00e1rjuk a n\u00e9gyl\u00e1b\u00fa vend\u00e9geket is! A k\u00f6vetkez\u0151 szab\u00e1lyok \u00e9rv\u00e9nyesek:<\/p><ul data-start=\"1382\" data-end=\"1610\"><li data-start=\"1382\" data-end=\"1439\"><strong data-start=\"1384\" data-end=\"1437\">Kiz\u00e1r\u00f3lag j\u00f3l nevelt, szobatiszta kuty\u00e1k hozhat\u00f3k<\/strong><\/li><li data-start=\"1440\" data-end=\"1501\">A kuty\u00e1k <strong data-start=\"1451\" data-end=\"1499\">nem mehetnek fel az \u00e1gyakra vagy a b\u00fatorokra<\/strong><\/li><li data-start=\"1502\" data-end=\"1573\">Az udvar <strong data-start=\"1513\" data-end=\"1521\">z\u00e1rt<\/strong>, de k\u00e9rj\u00fck, ne hagyja fel\u00fcgyelet n\u00e9lk\u00fcl kedvenc\u00e9t<\/li><li data-start=\"1574\" data-end=\"1610\"><strong data-start=\"1576\" data-end=\"1591\">Kutyafel\u00e1r:<\/strong> 4000 Ft\/kutya\/tart\u00f3zkod\u00e1s<\/li><\/ul><\/div><\/div><\/div><div class=\"ea-card sp-ea-single\"><h3 class=\"ea-header\"><a class=\"collapsed\" id=\"ea-header-6885\" role=\"button\" data-sptoggle=\"spcollapse\" data-sptarget=\"#collapse6885\" aria-controls=\"collapse6885\" href=\"#\" aria-expanded=\"false\" tabindex=\"0\"><i aria-hidden=\"true\" role=\"presentation\" class=\"ea-expand-icon eap-icon-ea-expand-plus\"><\/i> Van lehet\u0151s\u00e9g kuty\u00e1t s\u00e9t\u00e1ltatni a k\u00f6rny\u00e9ken?<\/a><\/h3><div class=\"sp-collapse spcollapse\" id=\"collapse6885\" data-parent=\"#sp-ea-688\" role=\"region\" aria-labelledby=\"ea-header-6885\"> <div class=\"ea-body\"><p>Igen! A <strong data-start=\"1674\" data-end=\"1694\">Zempl\u00e9ni-hegys\u00e9g<\/strong> kiv\u00e1l\u00f3 t\u00fara\u00fatvonalakat k\u00edn\u00e1l a kuty\u00e1sok sz\u00e1m\u00e1ra, \u00e9s a k\u00f6zeli erdei \u00f6sv\u00e9nyeken remek lehet\u0151s\u00e9g van s\u00e9t\u00e1ltat\u00e1sra.K\u00e9r\u00fcnk tarts\u00e1tok be a kuty\u00e1val val\u00f3 t\u00far\u00e1z\u00e1s szab\u00e1lyait.<\/p><\/div><\/div><\/div><div class=\"ea-card sp-ea-single\"><h3 class=\"ea-header\"><a class=\"collapsed\" id=\"ea-header-6886\" role=\"button\" data-sptoggle=\"spcollapse\" data-sptarget=\"#collapse6886\" aria-controls=\"collapse6886\" href=\"#\" aria-expanded=\"false\" tabindex=\"0\"><i aria-hidden=\"true\" role=\"presentation\" class=\"ea-expand-icon eap-icon-ea-expand-plus\"><\/i> Milyen konyhai eszk\u00f6z\u00f6k \u00e1llnak rendelkez\u00e9sre?<\/a><\/h3><div class=\"sp-collapse spcollapse\" id=\"collapse6886\" data-parent=\"#sp-ea-688\" role=\"region\" aria-labelledby=\"ea-header-6886\"> <div class=\"ea-body\"><p>A vend\u00e9gh\u00e1z teljesen felszerelt konyh\u00e1val rendelkezik, amelyben megtal\u00e1lhat\u00f3:<br data-start=\"2002\" data-end=\"2005\" \/>\u2714 S\u00fct\u0151 \u00e9s f\u0151z\u0151lap<br data-start=\"2022\" data-end=\"2025\" \/>\u2714 H\u0171t\u0151szekr\u00e9ny \u00e9s mikrohull\u00e1m\u00fa s\u00fct\u0151<br data-start=\"2060\" data-end=\"2063\" \/>\u2714 K\u00e1v\u00e9f\u0151z\u0151 \u00e9s v\u00edzforral\u00f3<br data-start=\"2087\" data-end=\"2090\" \/>\u2714 Ed\u00e9nyek, t\u00e1ny\u00e9rok, ev\u0151eszk\u00f6z\u00f6k<\/p><\/div><\/div><\/div><div class=\"ea-card sp-ea-single\"><h3 class=\"ea-header\"><a class=\"collapsed\" id=\"ea-header-6887\" role=\"button\" data-sptoggle=\"spcollapse\" data-sptarget=\"#collapse6887\" aria-controls=\"collapse6887\" href=\"#\" aria-expanded=\"false\" tabindex=\"0\"><i aria-hidden=\"true\" role=\"presentation\" class=\"ea-expand-icon eap-icon-ea-expand-plus\"><\/i> Van-e Wi-Fi a vend\u00e9gh\u00e1zban?<\/a><\/h3><div class=\"sp-collapse spcollapse\" id=\"collapse6887\" data-parent=\"#sp-ea-688\" role=\"region\" aria-labelledby=\"ea-header-6887\"> <div class=\"ea-body\"><p>Igen, <strong data-start=\"2169\" data-end=\"2187\">ingyenes Wi-Fi<\/strong> \u00e1ll rendelkez\u00e9sre a vend\u00e9gh\u00e1z eg\u00e9sz ter\u00fclet\u00e9n.<\/p><\/div><\/div><\/div><div class=\"ea-card sp-ea-single\"><h3 class=\"ea-header\"><a class=\"collapsed\" id=\"ea-header-6888\" role=\"button\" data-sptoggle=\"spcollapse\" data-sptarget=\"#collapse6888\" aria-controls=\"collapse6888\" href=\"#\" aria-expanded=\"false\" tabindex=\"0\"><i aria-hidden=\"true\" role=\"presentation\" class=\"ea-expand-icon eap-icon-ea-expand-plus\"><\/i> Van parkol\u00e1si lehet\u0151s\u00e9g?<\/a><\/h3><div class=\"sp-collapse spcollapse\" id=\"collapse6888\" data-parent=\"#sp-ea-688\" role=\"region\" aria-labelledby=\"ea-header-6888\"> <div class=\"ea-body\"><p>Igen, a vend\u00e9gh\u00e1z ter\u00fclet\u00e9n <strong data-start=\"2300\" data-end=\"2333\">ingyenes parkol\u00e1s biztos\u00edtott, maximum 2 aut\u00f3 sz\u00e1m\u00e1ra<\/strong><\/p><\/div><\/div><\/div><div class=\"ea-card sp-ea-single\"><h3 class=\"ea-header\"><a class=\"collapsed\" id=\"ea-header-6889\" role=\"button\" data-sptoggle=\"spcollapse\" data-sptarget=\"#collapse6889\" aria-controls=\"collapse6889\" href=\"#\" aria-expanded=\"false\" tabindex=\"0\"><i aria-hidden=\"true\" role=\"presentation\" class=\"ea-expand-icon eap-icon-ea-expand-plus\"><\/i> Van a k\u00f6zelben \u00e9lelmiszerbolt vagy \u00e9tterem?<\/a><\/h3><div class=\"sp-collapse spcollapse\" id=\"collapse6889\" data-parent=\"#sp-ea-688\" role=\"region\" aria-labelledby=\"ea-header-6889\"> <div class=\"ea-body\"><p><span style=\"font-weight: 400\">K\u00e9t kis bolt van a faluban is a f\u0151utc\u00e1n 5-10 perc gyalogos t\u00e1vols\u00e1gra a h\u00e1zt\u00f3l.<\/span><\/p><p><span style=\"font-weight: 400\">Nagyobb bolt pedig S\u00e1rospatakon<\/span><\/p><p><span style=\"font-weight: 400\">Penny: <\/span><a href=\"https:\/\/goo.gl\/maps\/TywkuTvbdSBUpJP87\"><span style=\"font-weight: 400\">https:\/\/goo.gl\/maps\/TywkuTvbdSBUpJP87<\/span><\/a><\/p><p><span style=\"font-weight: 400\">PRIVAT MAX: <\/span><a href=\"https:\/\/goo.gl\/maps\/FBDi69DR18rs2p3M9\"><span style=\"font-weight: 400\">https:\/\/goo.gl\/maps\/FBDi69DR18rs2p3M9<\/span><\/a><\/p><p><span style=\"font-weight: 400\">\u00c9ttermek: <\/span><\/p><p><span style=\"font-weight: 400\">Bor \u00e9s Bazsalikom: <\/span><a href=\"https:\/\/falatozz.hu\/rendeles\/Sarospatak\/\"><span style=\"font-weight: 400\">https:\/\/falatozz.hu\/rendeles\/Sarospatak\/<\/span><\/a><\/p><p><span style=\"font-weight: 400\">Collegno Pizzeria And Ristorante <\/span><a href=\"https:\/\/g.page\/collegnopizza?share\"><span style=\"font-weight: 400\">https:\/\/g.page\/collegnopizza?share<\/span><\/a><\/p><p><span style=\"font-weight: 400\">V\u00e1r vend\u00e9gl\u0151:\u00a0 <\/span><a href=\"https:\/\/maps.app.goo.gl\/2E9iuWgVx9yeJP3V6\"><span style=\"font-weight: 400\">https:\/\/maps.app.goo.gl\/2E9iuWgVx9yeJP3V6<\/span><\/a><\/p><p><span style=\"font-weight: 400\">Hars\u00e1nyi D\u0171l\u0151bisztr\u00f3 \u00e9s Pinc\u00e9szet <\/span><a href=\"https:\/\/goo.gl\/maps\/JZiAj1m5Eum1hM7J7\"><span style=\"font-weight: 400\">https:\/\/goo.gl\/maps\/JZiAj1m5Eum1hM7J7<\/span><\/a><\/p><p><span style=\"font-weight: 400\">Vadreg\u00e9ny Bisztro&amp;Pizza <\/span><a href=\"https:\/\/goo.gl\/maps\/MzdVWG7tC2y78L2x6\"><span style=\"font-weight: 400\">https:\/\/goo.gl\/maps\/MzdVWG7tC2y78L2x6<\/span><\/a><\/p><p><span style=\"font-weight: 400\">S\u00e1rga Borh\u00e1z<\/span><a href=\"https:\/\/goo.gl\/maps\/4JUgEmX\"><span style=\"font-weight: 400\"> https:\/\/goo.gl\/maps\/4JUgEmX<\/span><\/a><\/p><p>&nbsp;<\/p><\/div><\/div><\/div><div class=\"ea-card sp-ea-single\"><h3 class=\"ea-header\"><a class=\"collapsed\" id=\"ea-header-68810\" role=\"button\" data-sptoggle=\"spcollapse\" data-sptarget=\"#collapse68810\" aria-controls=\"collapse68810\" href=\"#\" aria-expanded=\"false\" tabindex=\"0\"><i aria-hidden=\"true\" role=\"presentation\" class=\"ea-expand-icon eap-icon-ea-expand-plus\"><\/i> Milyen fizet\u00e9si m\u00f3dokat fogadtok el?<\/a><\/h3><div class=\"sp-collapse spcollapse\" id=\"collapse68810\" data-parent=\"#sp-ea-688\" role=\"region\" aria-labelledby=\"ea-header-68810\"> <div class=\"ea-body\"><p>Jelenleg a k\u00f6vetkez\u0151 m\u00f3dokon lehet fizetni:<\/p><p>Honlapon kereszt\u00fcli foglal\u00e1s eset\u00e9n, bankk\u00e1rty\u00e1s fizet\u00e9s, OTP sz\u00e9pk\u00e1rty\u00e1s fizet\u00e9s<\/p><p>Telefonos, emailes foglal\u00e1s eset\u00e9n:<\/p><p>Banki \u00e1tutal\u00e1s<br data-start=\"3194\" data-end=\"3197\" \/>K\u00e9szp\u00e9nzes fizet\u00e9s \u00e9rkez\u00e9skor<\/p><\/div><\/div><\/div><div class=\"ea-card sp-ea-single\"><h3 class=\"ea-header\"><a class=\"collapsed\" id=\"ea-header-68811\" role=\"button\" data-sptoggle=\"spcollapse\" data-sptarget=\"#collapse68811\" aria-controls=\"collapse68811\" href=\"#\" aria-expanded=\"false\" tabindex=\"0\"><i aria-hidden=\"true\" role=\"presentation\" class=\"ea-expand-icon eap-icon-ea-expand-plus\"><\/i> Sz\u00fcks\u00e9ges-e saj\u00e1t \u00e1gynem\u0171t \u00e9s t\u00f6r\u00f6lk\u00f6z\u0151t hozni?<\/a><\/h3><div class=\"sp-collapse spcollapse\" id=\"collapse68811\" data-parent=\"#sp-ea-688\" role=\"region\" aria-labelledby=\"ea-header-68811\"> <div class=\"ea-body\"><p>Nem sz\u00fcks\u00e9ges, <strong data-start=\"3305\" data-end=\"3371\">friss \u00e1gynem\u0171t \u00e9s t\u00f6r\u00f6lk\u00f6z\u0151t biztos\u00edtunk minden vend\u00e9g sz\u00e1m\u00e1ra<\/strong>.<\/p><\/div><\/div><\/div><\/div><\/div>\n\n\n\n<p><\/p>","protected":false},"excerpt":{"rendered":"<p>Gyakran Ism\u00e9telt K\u00e9rd\u00e9sek<\/p>","protected":false},"author":1,"featured_media":0,"parent":0,"menu_order":0,"comment_status":"closed","ping_status":"closed","template":"","meta":{"_et_pb_use_builder":"off","_et_pb_old_content":"","_et_gb_content_width":"","footnotes":""},"class_list":["post-694","page","type-page","status-publish","hentry"],"yoast_head":"<!-- This site is optimized with the Yoast SEO plugin v26.8 - https:\/\/yoast.com\/product\/yoast-seo-wordpress\/ -->\n<title>GYIK - Vend\u00e9gh\u00e1z | Zempl\u00e9n | Birslak<\/title>\n<meta name=\"description\" content=\"Tal\u00e1lja meg a leggyakoribb k\u00e9rd\u00e9sekre adott v\u00e1laszokat a Birslak Vend\u00e9gh\u00e1z kapcs\u00e1n! Foglal\u00e1s, bejelentkez\u00e9s, kutyabar\u00e1t sz\u00e1ll\u00e1s, felszerelts\u00e9g, t\u00fara\u00fatvonalak \u00e9s egy\u00e9b hasznos inform\u00e1ci\u00f3k egy helyen.\" \/>\n<meta name=\"robots\" content=\"index, follow, max-snippet:-1, max-image-preview:large, max-video-preview:-1\" \/>\n<link rel=\"canonical\" href=\"https:\/\/birslak.hu\/en\/gyik\/\" \/>\n<meta property=\"og:locale\" content=\"en_US\" \/>\n<meta property=\"og:type\" content=\"article\" \/>\n<meta property=\"og:title\" content=\"GYIK - Vend\u00e9gh\u00e1z | Zempl\u00e9n | Birslak\" \/>\n<meta property=\"og:description\" content=\"Tal\u00e1lja meg a leggyakoribb k\u00e9rd\u00e9sekre adott v\u00e1laszokat a Birslak Vend\u00e9gh\u00e1z kapcs\u00e1n! Foglal\u00e1s, bejelentkez\u00e9s, kutyabar\u00e1t sz\u00e1ll\u00e1s, felszerelts\u00e9g, t\u00fara\u00fatvonalak \u00e9s egy\u00e9b hasznos inform\u00e1ci\u00f3k egy helyen.\" \/>\n<meta property=\"og:url\" content=\"https:\/\/birslak.hu\/en\/gyik\/\" \/>\n<meta property=\"og:site_name\" content=\"Vend\u00e9gh\u00e1z | Zempl\u00e9n | Birslak\" \/>\n<meta property=\"article:publisher\" content=\"https:\/\/www.facebook.com\/birslak\/\" \/>\n<meta property=\"article:modified_time\" content=\"2025-03-05T10:24:28+00:00\" \/>\n<meta name=\"twitter:card\" content=\"summary_large_image\" \/>\n<meta name=\"twitter:label1\" content=\"Est. reading time\" \/>\n\t<meta name=\"twitter:data1\" content=\"1 minute\" \/>\n<script type=\"application\/ld+json\" class=\"yoast-schema-graph\">{\"@context\":\"https:\/\/schema.org\",\"@graph\":[{\"@type\":\"WebPage\",\"@id\":\"https:\/\/birslak.hu\/gyik\/\",\"url\":\"https:\/\/birslak.hu\/gyik\/\",\"name\":\"GYIK - Vend\u00e9gh\u00e1z | Zempl\u00e9n | Birslak\",\"isPartOf\":{\"@id\":\"https:\/\/birslak.hu\/#website\"},\"datePublished\":\"2025-03-05T10:13:32+00:00\",\"dateModified\":\"2025-03-05T10:24:28+00:00\",\"description\":\"Tal\u00e1lja meg a leggyakoribb k\u00e9rd\u00e9sekre adott v\u00e1laszokat a Birslak Vend\u00e9gh\u00e1z kapcs\u00e1n! Foglal\u00e1s, bejelentkez\u00e9s, kutyabar\u00e1t sz\u00e1ll\u00e1s, felszerelts\u00e9g, t\u00fara\u00fatvonalak \u00e9s egy\u00e9b hasznos inform\u00e1ci\u00f3k egy helyen.\",\"breadcrumb\":{\"@id\":\"https:\/\/birslak.hu\/gyik\/#breadcrumb\"},\"inLanguage\":\"en-US\",\"potentialAction\":[{\"@type\":\"ReadAction\",\"target\":[\"https:\/\/birslak.hu\/gyik\/\"]}]},{\"@type\":\"BreadcrumbList\",\"@id\":\"https:\/\/birslak.hu\/gyik\/#breadcrumb\",\"itemListElement\":[{\"@type\":\"ListItem\",\"position\":1,\"name\":\"Kezd\u0151lap\",\"item\":\"https:\/\/birslak.hu\/\"},{\"@type\":\"ListItem\",\"position\":2,\"name\":\"GYIK\"}]},{\"@type\":\"WebSite\",\"@id\":\"https:\/\/birslak.hu\/#website\",\"url\":\"https:\/\/birslak.hu\/\",\"name\":\"Vend\u00e9gh\u00e1z | Zempl\u00e9n | Birslak\",\"description\":\"Birslak Vend\u00e9gh\u00e1z a Zempl\u00e9n sz\u00edv\u00e9ben\",\"publisher\":{\"@id\":\"https:\/\/birslak.hu\/#organization\"},\"potentialAction\":[{\"@type\":\"SearchAction\",\"target\":{\"@type\":\"EntryPoint\",\"urlTemplate\":\"https:\/\/birslak.hu\/?s={search_term_string}\"},\"query-input\":{\"@type\":\"PropertyValueSpecification\",\"valueRequired\":true,\"valueName\":\"search_term_string\"}}],\"inLanguage\":\"en-US\"},{\"@type\":\"Organization\",\"@id\":\"https:\/\/birslak.hu\/#organization\",\"name\":\"Birslak vend\u00e9gh\u00e1z\",\"url\":\"https:\/\/birslak.hu\/\",\"logo\":{\"@type\":\"ImageObject\",\"inLanguage\":\"en-US\",\"@id\":\"https:\/\/birslak.hu\/#\/schema\/logo\/image\/\",\"url\":\"https:\/\/birslak.hu\/wp-content\/uploads\/2023\/01\/cropped-szines-logo-no-background.png\",\"contentUrl\":\"https:\/\/birslak.hu\/wp-content\/uploads\/2023\/01\/cropped-szines-logo-no-background.png\",\"width\":512,\"height\":512,\"caption\":\"Birslak vend\u00e9gh\u00e1z\"},\"image\":{\"@id\":\"https:\/\/birslak.hu\/#\/schema\/logo\/image\/\"},\"sameAs\":[\"https:\/\/www.facebook.com\/birslak\/\",\"https:\/\/www.instagram.com\/birs_lak\/\"]}]}<\/script>\n<!-- \/ Yoast SEO plugin. -->","yoast_head_json":{"title":"GYIK - Vend\u00e9gh\u00e1z | Zempl\u00e9n | Birslak","description":"Tal\u00e1lja meg a leggyakoribb k\u00e9rd\u00e9sekre adott v\u00e1laszokat a Birslak Vend\u00e9gh\u00e1z kapcs\u00e1n! Foglal\u00e1s, bejelentkez\u00e9s, kutyabar\u00e1t sz\u00e1ll\u00e1s, felszerelts\u00e9g, t\u00fara\u00fatvonalak \u00e9s egy\u00e9b hasznos inform\u00e1ci\u00f3k egy helyen.","robots":{"index":"index","follow":"follow","max-snippet":"max-snippet:-1","max-image-preview":"max-image-preview:large","max-video-preview":"max-video-preview:-1"},"canonical":"https:\/\/birslak.hu\/en\/gyik\/","og_locale":"en_US","og_type":"article","og_title":"GYIK - Vend\u00e9gh\u00e1z | Zempl\u00e9n | Birslak","og_description":"Tal\u00e1lja meg a leggyakoribb k\u00e9rd\u00e9sekre adott v\u00e1laszokat a Birslak Vend\u00e9gh\u00e1z kapcs\u00e1n! Foglal\u00e1s, bejelentkez\u00e9s, kutyabar\u00e1t sz\u00e1ll\u00e1s, felszerelts\u00e9g, t\u00fara\u00fatvonalak \u00e9s egy\u00e9b hasznos inform\u00e1ci\u00f3k egy helyen.","og_url":"https:\/\/birslak.hu\/en\/gyik\/","og_site_name":"Vend\u00e9gh\u00e1z | Zempl\u00e9n | Birslak","article_publisher":"https:\/\/www.facebook.com\/birslak\/","article_modified_time":"2025-03-05T10:24:28+00:00","twitter_card":"summary_large_image","twitter_misc":{"Est. reading time":"1 minute"},"schema":{"@context":"https:\/\/schema.org","@graph":[{"@type":"WebPage","@id":"https:\/\/birslak.hu\/gyik\/","url":"https:\/\/birslak.hu\/gyik\/","name":"GYIK - Vend\u00e9gh\u00e1z | Zempl\u00e9n | Birslak","isPartOf":{"@id":"https:\/\/birslak.hu\/#website"},"datePublished":"2025-03-05T10:13:32+00:00","dateModified":"2025-03-05T10:24:28+00:00","description":"Tal\u00e1lja meg a leggyakoribb k\u00e9rd\u00e9sekre adott v\u00e1laszokat a Birslak Vend\u00e9gh\u00e1z kapcs\u00e1n! Foglal\u00e1s, bejelentkez\u00e9s, kutyabar\u00e1t sz\u00e1ll\u00e1s, felszerelts\u00e9g, t\u00fara\u00fatvonalak \u00e9s egy\u00e9b hasznos inform\u00e1ci\u00f3k egy helyen.","breadcrumb":{"@id":"https:\/\/birslak.hu\/gyik\/#breadcrumb"},"inLanguage":"en-US","potentialAction":[{"@type":"ReadAction","target":["https:\/\/birslak.hu\/gyik\/"]}]},{"@type":"BreadcrumbList","@id":"https:\/\/birslak.hu\/gyik\/#breadcrumb","itemListElement":[{"@type":"ListItem","position":1,"name":"Kezd\u0151lap","item":"https:\/\/birslak.hu\/"},{"@type":"ListItem","position":2,"name":"GYIK"}]},{"@type":"WebSite","@id":"https:\/\/birslak.hu\/#website","url":"https:\/\/birslak.hu\/","name":"Vend\u00e9gh\u00e1z | Zempl\u00e9n | Birslak","description":"Birslak Vend\u00e9gh\u00e1z a Zempl\u00e9n sz\u00edv\u00e9ben","publisher":{"@id":"https:\/\/birslak.hu\/#organization"},"potentialAction":[{"@type":"SearchAction","target":{"@type":"EntryPoint","urlTemplate":"https:\/\/birslak.hu\/?s={search_term_string}"},"query-input":{"@type":"PropertyValueSpecification","valueRequired":true,"valueName":"search_term_string"}}],"inLanguage":"en-US"},{"@type":"Organization","@id":"https:\/\/birslak.hu\/#organization","name":"Birslak vend\u00e9gh\u00e1z","url":"https:\/\/birslak.hu\/","logo":{"@type":"ImageObject","inLanguage":"en-US","@id":"https:\/\/birslak.hu\/#\/schema\/logo\/image\/","url":"https:\/\/birslak.hu\/wp-content\/uploads\/2023\/01\/cropped-szines-logo-no-background.png","contentUrl":"https:\/\/birslak.hu\/wp-content\/uploads\/2023\/01\/cropped-szines-logo-no-background.png","width":512,"height":512,"caption":"Birslak vend\u00e9gh\u00e1z"},"image":{"@id":"https:\/\/birslak.hu\/#\/schema\/logo\/image\/"},"sameAs":["https:\/\/www.facebook.com\/birslak\/","https:\/\/www.instagram.com\/birs_lak\/"]}]}},"jetpack-related-posts":[],"jetpack_sharing_enabled":true,"_links":{"self":[{"href":"https:\/\/birslak.hu\/en\/wp-json\/wp\/v2\/pages\/694","targetHints":{"allow":["GET"]}}],"collection":[{"href":"https:\/\/birslak.hu\/en\/wp-json\/wp\/v2\/pages"}],"about":[{"href":"https:\/\/birslak.hu\/en\/wp-json\/wp\/v2\/types\/page"}],"author":[{"embeddable":true,"href":"https:\/\/birslak.hu\/en\/wp-json\/wp\/v2\/users\/1"}],"replies":[{"embeddable":true,"href":"https:\/\/birslak.hu\/en\/wp-json\/wp\/v2\/comments?post=694"}],"version-history":[{"count":3,"href":"https:\/\/birslak.hu\/en\/wp-json\/wp\/v2\/pages\/694\/revisions"}],"predecessor-version":[{"id":699,"href":"https:\/\/birslak.hu\/en\/wp-json\/wp\/v2\/pages\/694\/revisions\/699"}],"wp:attachment":[{"href":"https:\/\/birslak.hu\/en\/wp-json\/wp\/v2\/media?parent=694"}],"curies":[{"name":"wp","href":"https:\/\/api.w.org\/{rel}","templated":true}]}}