{"id":136,"date":"2023-01-06T21:46:13","date_gmt":"2023-01-06T20:46:13","guid":{"rendered":"https:\/\/birslak.hu\/?page_id=136"},"modified":"2025-03-12T15:20:40","modified_gmt":"2025-03-12T14:20:40","slug":"kapcsolat","status":"publish","type":"page","link":"https:\/\/birslak.hu\/en\/kapcsolat\/","title":{"rendered":"Connect"},"content":{"rendered":"<p>[et_pb_section fb_built=&#8221;1&#8243; admin_label=&#8221;Header&#8221; _builder_version=&#8221;4.24.1&#8243; _module_preset=&#8221;default&#8221; custom_padding=&#8221;||0px||false|false&#8221; collapsed=&#8221;on&#8221; global_colors_info=&#8221;{}&#8221;][et_pb_row _builder_version=&#8221;4.24.1&#8243; _module_preset=&#8221;default&#8221; global_colors_info=&#8221;{}&#8221;][et_pb_column type=&#8221;4_4&#8243; _builder_version=&#8221;4.24.1&#8243; _module_preset=&#8221;default&#8221; global_colors_info=&#8221;{}&#8221;][et_pb_text _builder_version=&#8221;4.27.0&#8243; _module_preset=&#8221;07b9c040-78bd-462b-8c98-fc15342c3702&#8243; text_orientation=&#8221;center&#8221; global_colors_info=&#8221;{}&#8221;]<\/p>\n<h1>Kapcsolat \u2013 Birslak Vend\u00e9gh\u00e1z<\/h1>\n<p>[\/et_pb_text][\/et_pb_column][\/et_pb_row][\/et_pb_section][et_pb_section fb_built=&#8221;1&#8243; admin_label=&#8221;Contact Info&#8221; _builder_version=&#8221;4.24.2&#8243; _module_preset=&#8221;default&#8221; collapsed=&#8221;on&#8221; global_colors_info=&#8221;{}&#8221;][et_pb_row column_structure=&#8221;1_2,1_2&#8243; make_equal=&#8221;on&#8221; _builder_version=&#8221;4.27.0&#8243; _module_preset=&#8221;default&#8221; width=&#8221;90%&#8221; max_width=&#8221;2000px&#8221; global_colors_info=&#8221;{}&#8221;][et_pb_column type=&#8221;1_2&#8243; _builder_version=&#8221;4.24.2&#8243; _module_preset=&#8221;default&#8221; custom_padding=&#8221;10%||14%||false|false&#8221; custom_padding_tablet=&#8221;0px||0px||true|false&#8221; custom_padding_phone=&#8221;0px||0px||true|false&#8221; custom_padding_last_edited=&#8221;on|desktop&#8221; global_colors_info=&#8221;{}&#8221;][et_pb_text _builder_version=&#8221;4.27.0&#8243; _module_preset=&#8221;a22ba50a-a21c-4071-b743-4d29fcc1c2aa&#8221; text_orientation=&#8221;center&#8221; custom_margin=&#8221;||0px||false|false&#8221; global_colors_info=&#8221;{}&#8221;]<\/p>\n<h4>Van k\u00e9rd\u00e9sed vagy szeretn\u00e9l n\u00e1lunk megsz\u00e1llni?<\/h4>\n<p>[\/et_pb_text][et_pb_text _builder_version=&#8221;4.27.0&#8243; _module_preset=&#8221;41ab3390-2a31-4aa6-9a5f-117638e71dea&#8221; text_orientation=&#8221;center&#8221; global_colors_info=&#8221;{}&#8221;]<\/p>\n<p data-start=\"46\" data-end=\"171\" style=\"text-align: center;\">L\u00e9pj vel\u00fcnk kapcsolatba az al\u00e1bbi el\u00e9rhet\u0151s\u00e9geken \u2013 sz\u00edvesen seg\u00edt\u00fcnk!<\/p>\n<p data-start=\"173\" data-end=\"310\" style=\"text-align: center;\"><strong data-start=\"176\" data-end=\"187\">E-mail:<\/strong> <a data-start=\"188\" data-end=\"229\" rel=\"noopener\">info@birslak.hu<\/a><br data-start=\"229\" data-end=\"232\" \/><strong data-start=\"235\" data-end=\"247\">phone:<\/strong> +36 202294280<br data-start=\"263\" data-end=\"266\" \/><strong data-start=\"269\" data-end=\"277\">address:<\/strong> 3959 Makkoshotyka, R\u00e1k\u00f3czi utca 67.<\/p>\n<p data-start=\"312\" data-end=\"474\" style=\"text-align: center;\"><strong data-start=\"315\" data-end=\"329\">V\u00e1laszid\u0151:<\/strong> \u00c1ltal\u00e1ban <strong data-start=\"340\" data-end=\"357\">24 \u00f3r\u00e1n bel\u00fcl<\/strong> visszajelz\u00fcnk minden megkeres\u00e9sre.<br data-start=\"392\" data-end=\"395\" \/><strong data-start=\"398\" data-end=\"425\">Foglal\u00e1si k\u00e9rd\u00e9s eset\u00e9n<\/strong> k\u00e9rj\u00fck, add meg az \u00e9rkez\u00e9s \u00e9s t\u00e1voz\u00e1s d\u00e1tum\u00e1t!<\/p>\n<p>[\/et_pb_text][et_pb_text _builder_version=&#8221;4.27.0&#8243; _module_preset=&#8221;a22ba50a-a21c-4071-b743-4d29fcc1c2aa&#8221; text_orientation=&#8221;center&#8221; custom_margin=&#8221;||0px||false|false&#8221; global_colors_info=&#8221;{}&#8221;]<\/p>\n<h4>Hogyan juthatsz el hozz\u00e1nk?<\/h4>\n<p>[\/et_pb_text][et_pb_text _builder_version=&#8221;4.27.0&#8243; _module_preset=&#8221;41ab3390-2a31-4aa6-9a5f-117638e71dea&#8221; text_orientation=&#8221;center&#8221; custom_margin=&#8221;||0px||false|false&#8221; global_colors_info=&#8221;{}&#8221;]<\/p>\n<p data-start=\"522\" data-end=\"667\">A Birslak Vend\u00e9gh\u00e1z a <strong data-start=\"544\" data-end=\"573\">Zempl\u00e9ni-hegys\u00e9g sz\u00edv\u00e9ben<\/strong>, Makkoshotyk\u00e1n tal\u00e1lhat\u00f3, t\u00f6k\u00e9letes kiindul\u00f3pont a <strong data-start=\"625\" data-end=\"664\">K\u00e9kt\u00fara \u00e9s a k\u00f6rny\u00e9k felfedez\u00e9s\u00e9hez<\/strong>.<\/p>\n<p data-start=\"669\" data-end=\"773\"><strong data-start=\"672\" data-end=\"695\">Kattints a t\u00e9rk\u00e9pre<\/strong>, \u00e9s tervezd meg az \u00fatvonaladat hozz\u00e1nk!<\/p>\n<p>[\/et_pb_text][et_pb_code _builder_version=&#8221;4.27.0&#8243; _module_preset=&#8221;default&#8221; text_orientation=&#8221;center&#8221; global_colors_info=&#8221;{}&#8221;]<iframe src=\"https:\/\/www.google.com\/maps\/embed?pb=!1m18!1m12!1m3!1d2651.084159465916!2d21.513791376932936!3d48.35890647126859!2m3!1f0!2f0!3f0!3m2!1i1024!2i768!4f13.1!3m3!1m2!1s0x4738cb0f6adff813%3A0x9edb9235836aaf7a!2sBirslak!5e0!3m2!1shu!2shu!4v1741788997451!5m2!1shu!2shu\" width=\"400\" height=\"300\" style=\"border:0;\" allowfullscreen=\"\" loading=\"lazy\" referrerpolicy=\"no-referrer-when-downgrade\"><\/iframe>[\/et_pb_code][et_pb_button button_text=&#8221;Aj\u00e1nlatk\u00e9r\u00e9s \/ Foglal\u00e1s&#8221; _builder_version=&#8221;4.27.0&#8243; _module_preset=&#8221;default&#8221; button_alignment=&#8221;center&#8221; button_url=&#8221;https:\/\/nethotelbooking.net\/hotels\/birslak&#8221; hover_enabled=&#8221;0&#8243; sticky_enabled=&#8221;0&#8243;][\/et_pb_button][et_pb_text _builder_version=&#8221;4.27.0&#8243; _module_preset=&#8221;a22ba50a-a21c-4071-b743-4d29fcc1c2aa&#8221; text_orientation=&#8221;center&#8221; custom_margin=&#8221;||0px||false|false&#8221; global_colors_info=&#8221;{}&#8221;]<\/p>\n<h4><a href=\"https:\/\/birslak.hu\/en\/gyik\/\">FAQ<\/a><\/h4>\n<p>[\/et_pb_text][\/et_pb_column][et_pb_column type=&#8221;1_2&#8243; _builder_version=&#8221;4.27.0&#8243; _module_preset=&#8221;default&#8221; background_image=&#8221;https:\/\/birslak.hu\/wp-content\/uploads\/2023\/01\/birslak_reggeli_vendeghaz-scaled.jpg&#8221; parallax=&#8221;on&#8221; global_colors_info=&#8221;{}&#8221;][et_pb_divider show_divider=&#8221;off&#8221; _builder_version=&#8221;4.24.1&#8243; _module_preset=&#8221;default&#8221; height_tablet=&#8221;50vw&#8221; height_phone=&#8221;50vw&#8221; height_last_edited=&#8221;on|desktop&#8221; locked=&#8221;off&#8221; global_colors_info=&#8221;{}&#8221;][\/et_pb_divider][\/et_pb_column][\/et_pb_row][\/et_pb_section]<\/p>","protected":false},"excerpt":{"rendered":"<p>Kapcsolat \u2013 Birslak Vend\u00e9gh\u00e1zVan k\u00e9rd\u00e9sed vagy szeretn\u00e9l n\u00e1lunk megsz\u00e1llni?L\u00e9pj vel\u00fcnk kapcsolatba az al\u00e1bbi el\u00e9rhet\u0151s\u00e9geken \u2013 sz\u00edvesen seg\u00edt\u00fcnk! E-mail: info@birslak.huTelefon: +36 202294280C\u00edm: 3959 Makkoshotyka, R\u00e1k\u00f3czi utca 67. V\u00e1laszid\u0151: \u00c1ltal\u00e1ban 24 \u00f3r\u00e1n bel\u00fcl visszajelz\u00fcnk minden megkeres\u00e9sre.Foglal\u00e1si k\u00e9rd\u00e9s eset\u00e9n k\u00e9rj\u00fck, add meg az \u00e9rkez\u00e9s \u00e9s t\u00e1voz\u00e1s d\u00e1tum\u00e1t!Hogyan juthatsz el hozz\u00e1nk?A Birslak Vend\u00e9gh\u00e1z a Zempl\u00e9ni-hegys\u00e9g sz\u00edv\u00e9ben, Makkoshotyk\u00e1n tal\u00e1lhat\u00f3, t\u00f6k\u00e9letes [&hellip;]<\/p>","protected":false},"author":1,"featured_media":0,"parent":0,"menu_order":0,"comment_status":"closed","ping_status":"closed","template":"","meta":{"_et_pb_use_builder":"on","_et_pb_old_content":"","_et_gb_content_width":"","footnotes":""},"class_list":["post-136","page","type-page","status-publish","hentry"],"yoast_head":"<!-- This site is optimized with the Yoast SEO plugin v26.8 - https:\/\/yoast.com\/product\/yoast-seo-wordpress\/ -->\n<title>Kapcsolat - Vend\u00e9gh\u00e1z | Zempl\u00e9n | Birslak<\/title>\n<meta name=\"robots\" content=\"index, follow, max-snippet:-1, max-image-preview:large, max-video-preview:-1\" \/>\n<link rel=\"canonical\" href=\"https:\/\/birslak.hu\/en\/kapcsolat\/\" \/>\n<meta property=\"og:locale\" content=\"en_US\" \/>\n<meta property=\"og:type\" content=\"article\" \/>\n<meta property=\"og:title\" content=\"Kapcsolat - Vend\u00e9gh\u00e1z | Zempl\u00e9n | Birslak\" \/>\n<meta property=\"og:description\" content=\"Kapcsolat \u2013 Birslak Vend\u00e9gh\u00e1zVan k\u00e9rd\u00e9sed vagy szeretn\u00e9l n\u00e1lunk megsz\u00e1llni?L\u00e9pj vel\u00fcnk kapcsolatba az al\u00e1bbi el\u00e9rhet\u0151s\u00e9geken \u2013 sz\u00edvesen seg\u00edt\u00fcnk! E-mail: info@birslak.huTelefon: +36 202294280C\u00edm: 3959 Makkoshotyka, R\u00e1k\u00f3czi utca 67. V\u00e1laszid\u0151: \u00c1ltal\u00e1ban 24 \u00f3r\u00e1n bel\u00fcl visszajelz\u00fcnk minden megkeres\u00e9sre.Foglal\u00e1si k\u00e9rd\u00e9s eset\u00e9n k\u00e9rj\u00fck, add meg az \u00e9rkez\u00e9s \u00e9s t\u00e1voz\u00e1s d\u00e1tum\u00e1t!Hogyan juthatsz el hozz\u00e1nk?A Birslak Vend\u00e9gh\u00e1z a Zempl\u00e9ni-hegys\u00e9g sz\u00edv\u00e9ben, Makkoshotyk\u00e1n tal\u00e1lhat\u00f3, t\u00f6k\u00e9letes [&hellip;]\" \/>\n<meta property=\"og:url\" content=\"https:\/\/birslak.hu\/en\/kapcsolat\/\" \/>\n<meta property=\"og:site_name\" content=\"Vend\u00e9gh\u00e1z | Zempl\u00e9n | Birslak\" \/>\n<meta property=\"article:publisher\" content=\"https:\/\/www.facebook.com\/birslak\/\" \/>\n<meta property=\"article:modified_time\" content=\"2025-03-12T14:20:40+00:00\" \/>\n<meta name=\"twitter:card\" content=\"summary_large_image\" \/>\n<meta name=\"twitter:label1\" content=\"Est. reading time\" \/>\n\t<meta name=\"twitter:data1\" content=\"3 minutes\" \/>\n<script type=\"application\/ld+json\" class=\"yoast-schema-graph\">{\"@context\":\"https:\/\/schema.org\",\"@graph\":[{\"@type\":\"WebPage\",\"@id\":\"https:\/\/birslak.hu\/kapcsolat\/\",\"url\":\"https:\/\/birslak.hu\/kapcsolat\/\",\"name\":\"Kapcsolat - Vend\u00e9gh\u00e1z | Zempl\u00e9n | Birslak\",\"isPartOf\":{\"@id\":\"https:\/\/birslak.hu\/#website\"},\"datePublished\":\"2023-01-06T20:46:13+00:00\",\"dateModified\":\"2025-03-12T14:20:40+00:00\",\"breadcrumb\":{\"@id\":\"https:\/\/birslak.hu\/kapcsolat\/#breadcrumb\"},\"inLanguage\":\"en-US\",\"potentialAction\":[{\"@type\":\"ReadAction\",\"target\":[\"https:\/\/birslak.hu\/kapcsolat\/\"]}]},{\"@type\":\"BreadcrumbList\",\"@id\":\"https:\/\/birslak.hu\/kapcsolat\/#breadcrumb\",\"itemListElement\":[{\"@type\":\"ListItem\",\"position\":1,\"name\":\"Kezd\u0151lap\",\"item\":\"https:\/\/birslak.hu\/\"},{\"@type\":\"ListItem\",\"position\":2,\"name\":\"Kapcsolat\"}]},{\"@type\":\"WebSite\",\"@id\":\"https:\/\/birslak.hu\/#website\",\"url\":\"https:\/\/birslak.hu\/\",\"name\":\"Vend\u00e9gh\u00e1z | Zempl\u00e9n | Birslak\",\"description\":\"Birslak Vend\u00e9gh\u00e1z a Zempl\u00e9n sz\u00edv\u00e9ben\",\"publisher\":{\"@id\":\"https:\/\/birslak.hu\/#organization\"},\"potentialAction\":[{\"@type\":\"SearchAction\",\"target\":{\"@type\":\"EntryPoint\",\"urlTemplate\":\"https:\/\/birslak.hu\/?s={search_term_string}\"},\"query-input\":{\"@type\":\"PropertyValueSpecification\",\"valueRequired\":true,\"valueName\":\"search_term_string\"}}],\"inLanguage\":\"en-US\"},{\"@type\":\"Organization\",\"@id\":\"https:\/\/birslak.hu\/#organization\",\"name\":\"Birslak vend\u00e9gh\u00e1z\",\"url\":\"https:\/\/birslak.hu\/\",\"logo\":{\"@type\":\"ImageObject\",\"inLanguage\":\"en-US\",\"@id\":\"https:\/\/birslak.hu\/#\/schema\/logo\/image\/\",\"url\":\"https:\/\/birslak.hu\/wp-content\/uploads\/2023\/01\/cropped-szines-logo-no-background.png\",\"contentUrl\":\"https:\/\/birslak.hu\/wp-content\/uploads\/2023\/01\/cropped-szines-logo-no-background.png\",\"width\":512,\"height\":512,\"caption\":\"Birslak vend\u00e9gh\u00e1z\"},\"image\":{\"@id\":\"https:\/\/birslak.hu\/#\/schema\/logo\/image\/\"},\"sameAs\":[\"https:\/\/www.facebook.com\/birslak\/\",\"https:\/\/www.instagram.com\/birs_lak\/\"]}]}<\/script>\n<!-- \/ Yoast SEO plugin. -->","yoast_head_json":{"title":"Kapcsolat - Vend\u00e9gh\u00e1z | Zempl\u00e9n | Birslak","robots":{"index":"index","follow":"follow","max-snippet":"max-snippet:-1","max-image-preview":"max-image-preview:large","max-video-preview":"max-video-preview:-1"},"canonical":"https:\/\/birslak.hu\/en\/kapcsolat\/","og_locale":"en_US","og_type":"article","og_title":"Kapcsolat - Vend\u00e9gh\u00e1z | Zempl\u00e9n | Birslak","og_description":"Kapcsolat \u2013 Birslak Vend\u00e9gh\u00e1zVan k\u00e9rd\u00e9sed vagy szeretn\u00e9l n\u00e1lunk megsz\u00e1llni?L\u00e9pj vel\u00fcnk kapcsolatba az al\u00e1bbi el\u00e9rhet\u0151s\u00e9geken \u2013 sz\u00edvesen seg\u00edt\u00fcnk! E-mail: info@birslak.huTelefon: +36 202294280C\u00edm: 3959 Makkoshotyka, R\u00e1k\u00f3czi utca 67. V\u00e1laszid\u0151: \u00c1ltal\u00e1ban 24 \u00f3r\u00e1n bel\u00fcl visszajelz\u00fcnk minden megkeres\u00e9sre.Foglal\u00e1si k\u00e9rd\u00e9s eset\u00e9n k\u00e9rj\u00fck, add meg az \u00e9rkez\u00e9s \u00e9s t\u00e1voz\u00e1s d\u00e1tum\u00e1t!Hogyan juthatsz el hozz\u00e1nk?A Birslak Vend\u00e9gh\u00e1z a Zempl\u00e9ni-hegys\u00e9g sz\u00edv\u00e9ben, Makkoshotyk\u00e1n tal\u00e1lhat\u00f3, t\u00f6k\u00e9letes [&hellip;]","og_url":"https:\/\/birslak.hu\/en\/kapcsolat\/","og_site_name":"Vend\u00e9gh\u00e1z | Zempl\u00e9n | Birslak","article_publisher":"https:\/\/www.facebook.com\/birslak\/","article_modified_time":"2025-03-12T14:20:40+00:00","twitter_card":"summary_large_image","twitter_misc":{"Est. reading time":"3 minutes"},"schema":{"@context":"https:\/\/schema.org","@graph":[{"@type":"WebPage","@id":"https:\/\/birslak.hu\/kapcsolat\/","url":"https:\/\/birslak.hu\/kapcsolat\/","name":"Kapcsolat - Vend\u00e9gh\u00e1z | Zempl\u00e9n | Birslak","isPartOf":{"@id":"https:\/\/birslak.hu\/#website"},"datePublished":"2023-01-06T20:46:13+00:00","dateModified":"2025-03-12T14:20:40+00:00","breadcrumb":{"@id":"https:\/\/birslak.hu\/kapcsolat\/#breadcrumb"},"inLanguage":"en-US","potentialAction":[{"@type":"ReadAction","target":["https:\/\/birslak.hu\/kapcsolat\/"]}]},{"@type":"BreadcrumbList","@id":"https:\/\/birslak.hu\/kapcsolat\/#breadcrumb","itemListElement":[{"@type":"ListItem","position":1,"name":"Kezd\u0151lap","item":"https:\/\/birslak.hu\/"},{"@type":"ListItem","position":2,"name":"Kapcsolat"}]},{"@type":"WebSite","@id":"https:\/\/birslak.hu\/#website","url":"https:\/\/birslak.hu\/","name":"Vend\u00e9gh\u00e1z | Zempl\u00e9n | Birslak","description":"Birslak Vend\u00e9gh\u00e1z a Zempl\u00e9n sz\u00edv\u00e9ben","publisher":{"@id":"https:\/\/birslak.hu\/#organization"},"potentialAction":[{"@type":"SearchAction","target":{"@type":"EntryPoint","urlTemplate":"https:\/\/birslak.hu\/?s={search_term_string}"},"query-input":{"@type":"PropertyValueSpecification","valueRequired":true,"valueName":"search_term_string"}}],"inLanguage":"en-US"},{"@type":"Organization","@id":"https:\/\/birslak.hu\/#organization","name":"Birslak vend\u00e9gh\u00e1z","url":"https:\/\/birslak.hu\/","logo":{"@type":"ImageObject","inLanguage":"en-US","@id":"https:\/\/birslak.hu\/#\/schema\/logo\/image\/","url":"https:\/\/birslak.hu\/wp-content\/uploads\/2023\/01\/cropped-szines-logo-no-background.png","contentUrl":"https:\/\/birslak.hu\/wp-content\/uploads\/2023\/01\/cropped-szines-logo-no-background.png","width":512,"height":512,"caption":"Birslak vend\u00e9gh\u00e1z"},"image":{"@id":"https:\/\/birslak.hu\/#\/schema\/logo\/image\/"},"sameAs":["https:\/\/www.facebook.com\/birslak\/","https:\/\/www.instagram.com\/birs_lak\/"]}]}},"jetpack-related-posts":[],"jetpack_sharing_enabled":true,"_links":{"self":[{"href":"https:\/\/birslak.hu\/en\/wp-json\/wp\/v2\/pages\/136","targetHints":{"allow":["GET"]}}],"collection":[{"href":"https:\/\/birslak.hu\/en\/wp-json\/wp\/v2\/pages"}],"about":[{"href":"https:\/\/birslak.hu\/en\/wp-json\/wp\/v2\/types\/page"}],"author":[{"embeddable":true,"href":"https:\/\/birslak.hu\/en\/wp-json\/wp\/v2\/users\/1"}],"replies":[{"embeddable":true,"href":"https:\/\/birslak.hu\/en\/wp-json\/wp\/v2\/comments?post=136"}],"version-history":[{"count":16,"href":"https:\/\/birslak.hu\/en\/wp-json\/wp\/v2\/pages\/136\/revisions"}],"predecessor-version":[{"id":766,"href":"https:\/\/birslak.hu\/en\/wp-json\/wp\/v2\/pages\/136\/revisions\/766"}],"wp:attachment":[{"href":"https:\/\/birslak.hu\/en\/wp-json\/wp\/v2\/media?parent=136"}],"curies":[{"name":"wp","href":"https:\/\/api.w.org\/{rel}","templated":true}]}}